{"id":17,"date":"2017-02-15T12:26:51","date_gmt":"2017-02-15T12:26:51","guid":{"rendered":"http:\/\/lubrexcel.ro\/lubrifianti\/?page_id=17"},"modified":"2019-07-25T13:09:36","modified_gmt":"2019-07-25T13:09:36","slug":"cataloagebrosuri","status":"publish","type":"page","link":"https:\/\/lubrexcel.ro\/lubrifianti\/cataloagebrosuri","title":{"rendered":"Cataloage\/brosuri"},"content":{"rendered":"\n<ul class=\"wp-block-gallery columns-4 wp-block-gallery-1 is-layout-flex wp-block-gallery-is-layout-flex\"><li class=\"blocks-gallery-item\"><figure><a href=\"http:\/\/lubrexcel.ro\/lubrifianti\/cataloagebrosuri\/attachment\/urs033-ursa-oem-sheet-daf-uk-1-en-gb-2\"><img loading=\"lazy\" decoding=\"async\" width=\"150\" height=\"209\" src=\"http:\/\/lubrexcel.ro\/lubrifianti\/wp-content\/uploads\/2019\/07\/URS033-URSA-OEM-sheet-DAF-UK-1.en-gb-2.jpg\" alt=\"Recomandare Texaco\" data-id=\"342\" data-link=\"http:\/\/lubrexcel.ro\/lubrifianti\/cataloagebrosuri\/attachment\/urs033-ursa-oem-sheet-daf-uk-1-en-gb-2\" class=\"wp-image-342\"\/><\/a><figcaption><strong>Texaco-DAF vehicule comerciale<\/strong><br><a rel=\"noreferrer noopener\" aria-label=\" (se deschide \u00eentr-o fil\u0103 nou\u0103)\" href=\"http:\/\/lubrexcel.ro\/lubrifianti\/wp-content\/uploads\/2018\/02\/URS033-URSA-OEM-sheet-DAF-UK-111.pdf\" target=\"_blank\">http:\/\/lubrexcel.ro\/lubrifianti\/wp-content\/uploads\/2018\/02\/URS033-URSA-OEM-sheet-DAF-UK-111.pdf<\/a><\/figcaption><\/figure><\/li><li class=\"blocks-gallery-item\"><figure><a href=\"http:\/\/lubrexcel.ro\/lubrifianti\/cataloagebrosuri\/attachment\/urs034-ursa-oem-sheet-man-uk-1-en-gb1-2\"><img loading=\"lazy\" decoding=\"async\" width=\"150\" height=\"209\" src=\"http:\/\/lubrexcel.ro\/lubrifianti\/wp-content\/uploads\/2019\/07\/URS034-URSA-OEM-sheet-MAN-UK-1.en-gb1-2.jpg\" alt=\"Recomandarea Texaco\" data-id=\"343\" data-link=\"http:\/\/lubrexcel.ro\/lubrifianti\/cataloagebrosuri\/attachment\/urs034-ursa-oem-sheet-man-uk-1-en-gb1-2\" class=\"wp-image-343\"\/><\/a><figcaption><strong>Texaco &#8211; MAN vehicule comerciale<\/strong><br><a href=\"http:\/\/lubrexcel.ro\/lubrifianti\/wp-content\/uploads\/2018\/02\/URS034-URSA-OEM-sheet-MAN-UK-1.pdf\" target=\"_blank\" rel=\"noreferrer noopener\" aria-label=\" (se deschide \u00eentr-o fil\u0103 nou\u0103)\">http:\/\/lubrexcel.ro\/lubrifianti\/wp-content\/uploads\/2018\/02\/URS034-URSA-OEM-sheet-MAN-UK-1.pdf<\/a><\/figcaption><\/figure><\/li><li class=\"blocks-gallery-item\"><figure><a href=\"http:\/\/lubrexcel.ro\/lubrifianti\/cataloagebrosuri\/attachment\/urs035-ursa-oem-sheet-mb-uk-1-en-gb-2\"><img loading=\"lazy\" decoding=\"async\" width=\"150\" height=\"209\" src=\"http:\/\/lubrexcel.ro\/lubrifianti\/wp-content\/uploads\/2019\/07\/URS035-URSA-OEM-sheet-MB-UK-1.en-gb-2.jpg\" alt=\"Recomandarea Texaco\" data-id=\"344\" data-link=\"http:\/\/lubrexcel.ro\/lubrifianti\/cataloagebrosuri\/attachment\/urs035-ursa-oem-sheet-mb-uk-1-en-gb-2\" class=\"wp-image-344\"\/><\/a><figcaption><strong>Texaco &#8211; Mercedes vehicule comerciale<\/strong><br><a href=\"http:\/\/lubrexcel.ro\/lubrifianti\/wp-content\/uploads\/2018\/02\/URS035-URSA-OEM-sheet_MB-UK-11.pdf\" target=\"_blank\" rel=\"noreferrer noopener\" aria-label=\" (se deschide \u00eentr-o fil\u0103 nou\u0103)\">http:\/\/lubrexcel.ro\/lubrifianti\/wp-content\/uploads\/2018\/02\/URS035-URSA-OEM-sheet_MB-UK-11.pdf<\/a><\/figcaption><\/figure><\/li><li class=\"blocks-gallery-item\"><figure><a href=\"http:\/\/lubrexcel.ro\/lubrifianti\/cataloagebrosuri\/attachment\/urs036-ursa-oem-sheet-iveco-uk-2-en-gb-2\"><img loading=\"lazy\" decoding=\"async\" width=\"150\" height=\"209\" src=\"http:\/\/lubrexcel.ro\/lubrifianti\/wp-content\/uploads\/2019\/07\/URS036-URSA-OEM-sheet-Iveco-UK-2.en-gb-2.jpg\" alt=\"Recomandare Texaco\" data-id=\"345\" data-link=\"http:\/\/lubrexcel.ro\/lubrifianti\/cataloagebrosuri\/attachment\/urs036-ursa-oem-sheet-iveco-uk-2-en-gb-2\" class=\"wp-image-345\"\/><\/a><figcaption><strong>Texaco &#8211; Iveco vehicule comerciale<\/strong><br><a href=\"http:\/\/lubrexcel.ro\/lubrifianti\/wp-content\/uploads\/2018\/02\/URS036-URSA-OEM-sheet_Iveco-UK-2.pdf\" target=\"_blank\" rel=\"noreferrer noopener\" aria-label=\" (se deschide \u00eentr-o fil\u0103 nou\u0103)\">http:\/\/lubrexcel.ro\/lubrifianti\/wp-content\/uploads\/2018\/02\/URS036-URSA-OEM-sheet_Iveco-UK-2.pdf<\/a><\/figcaption><\/figure><\/li><li class=\"blocks-gallery-item\"><figure><a href=\"http:\/\/lubrexcel.ro\/lubrifianti\/cataloagebrosuri\/attachment\/urs037-ursa-oem-sheet-renault-uk-1-en-gb-3\"><img loading=\"lazy\" decoding=\"async\" width=\"150\" height=\"209\" src=\"http:\/\/lubrexcel.ro\/lubrifianti\/wp-content\/uploads\/2019\/07\/URS037-URSA-OEM-sheet-Renault-UK-1.en-gb-3.jpg\" alt=\"Recomandare Texaco\" data-id=\"346\" data-link=\"http:\/\/lubrexcel.ro\/lubrifianti\/cataloagebrosuri\/attachment\/urs037-ursa-oem-sheet-renault-uk-1-en-gb-3\" class=\"wp-image-346\"\/><\/a><figcaption><strong>Texaco-Renault vehicule comerciale<\/strong> <br><a href=\"http:\/\/lubrexcel.ro\/lubrifianti\/wp-content\/uploads\/2018\/02\/URS037-URSA-OEM-sheet_Renault-UK-11.pdf\" target=\"_blank\" rel=\"noreferrer noopener\" aria-label=\" (se deschide \u00eentr-o fil\u0103 nou\u0103)\">http:\/\/lubrexcel.ro\/lubrifianti\/wp-content\/uploads\/2018\/02\/URS037-URSA-OEM-sheet_Renault-UK-11.pdf<\/a><\/figcaption><\/figure><\/li><li class=\"blocks-gallery-item\"><figure><a href=\"http:\/\/lubrexcel.ro\/lubrifianti\/cataloagebrosuri\/attachment\/urs038-ursa-oem-sheet-scania-uk-1-en-gb-6\"><img loading=\"lazy\" decoding=\"async\" width=\"150\" height=\"209\" src=\"http:\/\/lubrexcel.ro\/lubrifianti\/wp-content\/uploads\/2019\/07\/URS038-URSA-OEM-sheet-Scania-UK-1.en-gb-6.jpg\" alt=\"Recomandare Texaco\" data-id=\"347\" data-link=\"http:\/\/lubrexcel.ro\/lubrifianti\/cataloagebrosuri\/attachment\/urs038-ursa-oem-sheet-scania-uk-1-en-gb-6\" class=\"wp-image-347\"\/><\/a><figcaption><strong>Texaco-Scania vehicule comerciale<\/strong><br><a href=\"http:\/\/lubrexcel.ro\/lubrifianti\/wp-content\/uploads\/2018\/02\/URS038-URSA-OEM-sheet_Scania-UK-11.pdf\" target=\"_blank\" rel=\"noreferrer noopener\" aria-label=\" (se deschide \u00eentr-o fil\u0103 nou\u0103)\">http:\/\/lubrexcel.ro\/lubrifianti\/wp-content\/uploads\/2018\/02\/URS038-URSA-OEM-sheet_Scania-UK-11.pdf<\/a><\/figcaption><\/figure><\/li><li class=\"blocks-gallery-item\"><figure><a href=\"http:\/\/lubrexcel.ro\/lubrifianti\/cataloagebrosuri\/attachment\/urs039-ursa-oem-sheet-volvo-uk-1-en-gb-7\"><img loading=\"lazy\" decoding=\"async\" width=\"150\" height=\"209\" src=\"http:\/\/lubrexcel.ro\/lubrifianti\/wp-content\/uploads\/2019\/07\/URS039-URSA-OEM-sheet-Volvo-UK-1.en-gb-7.jpg\" alt=\"Recomandare Texaco\" data-id=\"348\" data-link=\"http:\/\/lubrexcel.ro\/lubrifianti\/cataloagebrosuri\/attachment\/urs039-ursa-oem-sheet-volvo-uk-1-en-gb-7\" class=\"wp-image-348\"\/><\/a><figcaption><strong>Texaco- Volvo vehicule comerciale<\/strong><br><a href=\"http:\/\/lubrexcel.ro\/lubrifianti\/wp-content\/uploads\/2018\/02\/URS039-URSA-OEM-sheet_Volvo-UK-11.pdf\" target=\"_blank\" rel=\"noreferrer noopener\" aria-label=\" (se deschide \u00eentr-o fil\u0103 nou\u0103)\">http:\/\/lubrexcel.ro\/lubrifianti\/wp-content\/uploads\/2018\/02\/URS039-URSA-OEM-sheet_Volvo-UK-11.pdf<\/a><\/figcaption><\/figure><\/li><li class=\"blocks-gallery-item\"><figure><a href=\"http:\/\/lubrexcel.ro\/lubrifianti\/cataloagebrosuri\/attachment\/urs041-ursa-product-spec-sheet-uk-1-en-gb-1\"><img loading=\"lazy\" decoding=\"async\" width=\"150\" height=\"209\" src=\"http:\/\/lubrexcel.ro\/lubrifianti\/wp-content\/uploads\/2019\/07\/URS041-URSA-Product-SPEC-SHEET-UK-1.en-gb-1.jpg\" alt=\"Texaco URSA - specificatii\" data-id=\"349\" data-link=\"http:\/\/lubrexcel.ro\/lubrifianti\/cataloagebrosuri\/attachment\/urs041-ursa-product-spec-sheet-uk-1-en-gb-1\" class=\"wp-image-349\"\/><\/a><figcaption><strong>Texaco URSA &#8211; specificatii<\/strong><br><a href=\"http:\/\/lubrexcel.ro\/lubrifianti\/wp-content\/uploads\/2019\/07\/URS041-URSA-Product-SPEC-SHEET-UK-1.pdf\" target=\"_blank\" rel=\"noreferrer noopener\" aria-label=\" (se deschide \u00eentr-o fil\u0103 nou\u0103)\">http:\/\/lubrexcel.ro\/lubrifianti\/wp-content\/uploads\/2019\/07\/URS041-URSA-Product-SPEC-SHEET-UK-1.pdf<\/a><br><\/figcaption><\/figure><\/li><\/ul>\n\n\n\n<div class=\"wp-block-image\"><figure class=\"aligncenter\"><a href=\"https:\/\/rowe-mineraloel.com\/wp-content\/uploads\/2019\/04\/ROWE-Produktkatalog-Automotive-01-2019-DE-RO.pdf\" target=\"_blank\" rel=\"noreferrer noopener\"><img loading=\"lazy\" decoding=\"async\" width=\"212\" height=\"300\" src=\"http:\/\/lubrexcel.ro\/lubrifianti\/wp-content\/uploads\/2019\/07\/ROWE-Produktkatalog-Automotive-03-2017-DE-RO-WEB-2-212x300.png\" alt=\"Catalog de produse ROWE\" class=\"wp-image-371\" srcset=\"https:\/\/lubrexcel.ro\/lubrifianti\/wp-content\/uploads\/2019\/07\/ROWE-Produktkatalog-Automotive-03-2017-DE-RO-WEB-2-212x300.png 212w, https:\/\/lubrexcel.ro\/lubrifianti\/wp-content\/uploads\/2019\/07\/ROWE-Produktkatalog-Automotive-03-2017-DE-RO-WEB-2-768x1086.png 768w, https:\/\/lubrexcel.ro\/lubrifianti\/wp-content\/uploads\/2019\/07\/ROWE-Produktkatalog-Automotive-03-2017-DE-RO-WEB-2-724x1024.png 724w, https:\/\/lubrexcel.ro\/lubrifianti\/wp-content\/uploads\/2019\/07\/ROWE-Produktkatalog-Automotive-03-2017-DE-RO-WEB-2.png 1240w\" sizes=\"auto, (max-width: 212px) 100vw, 212px\" \/><\/a><figcaption><strong>Catalog produse ROWE<\/strong><\/figcaption><\/figure><\/div>\n\n\n\n<div class=\"wp-block-image\"><figure class=\"aligncenter\"><a href=\"http:\/\/lubrexcel.ro\/lubrifianti\/cataloagebrosuri\/attachment\/one-stop-motor-rowe-motor-oil\" target=\"_blank\" rel=\"noreferrer noopener\"><img loading=\"lazy\" decoding=\"async\" width=\"300\" height=\"241\" src=\"http:\/\/lubrexcel.ro\/lubrifianti\/wp-content\/uploads\/2019\/07\/One-Stop-Motor-ROWE-Motor-Oil-300x241.jpg\" alt=\"Catalog lubrifianti ROWE\" class=\"wp-image-378\" srcset=\"https:\/\/lubrexcel.ro\/lubrifianti\/wp-content\/uploads\/2019\/07\/One-Stop-Motor-ROWE-Motor-Oil-300x241.jpg 300w, https:\/\/lubrexcel.ro\/lubrifianti\/wp-content\/uploads\/2019\/07\/One-Stop-Motor-ROWE-Motor-Oil.jpg 615w\" sizes=\"auto, (max-width: 300px) 100vw, 300px\" \/><\/a><figcaption><strong>Catalog <\/strong> <strong>lubrifianti industriali ROWE<\/strong><\/figcaption><\/figure><\/div>\n\n\n\n<div class=\"wp-block-button aligncenter\"><a class=\"wp-block-button__link\" href=\"http:\/\/rowe-mineraloel.com\/wp-content\/uploads\/2014\/03\/ROWE_Produktkatalog_DE_GB_2014_Industrieschmierstoffe.pdf\">Download<\/a><\/div>\n\n\n\n<div class=\"wp-block-image\"><figure class=\"alignleft is-resized\"><a href=\"https:\/\/rowe-mineraloel.com\/wp-content\/uploads\/2014\/03\/ROWE-Einsatzempfehlungen-PKW-07-2016-DINA3-DE-GB.pdf\" target=\"_blank\" rel=\"noreferrer noopener\"><img loading=\"lazy\" decoding=\"async\" src=\"http:\/\/lubrexcel.ro\/lubrifianti\/wp-content\/uploads\/2019\/07\/Tabel-penrtu-passenger-cars-ROWE.png\" alt=\"Tabel informational autovehicule ROWE\" class=\"wp-image-381\" width=\"344\" height=\"488\" srcset=\"https:\/\/lubrexcel.ro\/lubrifianti\/wp-content\/uploads\/2019\/07\/Tabel-penrtu-passenger-cars-ROWE.png 333w, https:\/\/lubrexcel.ro\/lubrifianti\/wp-content\/uploads\/2019\/07\/Tabel-penrtu-passenger-cars-ROWE-211x300.png 211w\" sizes=\"auto, (max-width: 344px) 100vw, 344px\" \/><\/a><figcaption><strong>Tabel informativ ROWE pentru autovehicule<\/strong><\/figcaption><\/figure><\/div>\n\n\n\n<div class=\"wp-block-image\"><figure class=\"alignright\"><a href=\"https:\/\/rowe-mineraloel.com\/wp-content\/uploads\/2014\/03\/ROWE-Einsatzempfehlungen-LKW-07-2016-DINA3-DE-GB.pdf\" target=\"_blank\" rel=\"noreferrer noopener\"><img loading=\"lazy\" decoding=\"async\" width=\"332\" height=\"471\" src=\"http:\/\/lubrexcel.ro\/lubrifianti\/wp-content\/uploads\/2019\/07\/Tabel-informational-pentru-vehicule-comerciale-ROWE.png\" alt=\"Tabel informativ ROWE vehicule comerciale\" class=\"wp-image-383\" srcset=\"https:\/\/lubrexcel.ro\/lubrifianti\/wp-content\/uploads\/2019\/07\/Tabel-informational-pentru-vehicule-comerciale-ROWE.png 332w, https:\/\/lubrexcel.ro\/lubrifianti\/wp-content\/uploads\/2019\/07\/Tabel-informational-pentru-vehicule-comerciale-ROWE-211x300.png 211w\" sizes=\"auto, (max-width: 332px) 100vw, 332px\" \/><\/a><figcaption><strong>Tabel informativ ROWE vehicule comerciale<\/strong><\/figcaption><\/figure><\/div>\n\n\n\n<div class=\"wp-block-image\"><figure class=\"aligncenter\"><a href=\"https:\/\/rowe-mineraloel.com\/wp-content\/uploads\/2014\/03\/ROWE-Einsatzempfehlungen-ATF-07-2016-DINA3-DE-GB.pdf\" target=\"_blank\" rel=\"noreferrer noopener\"><img loading=\"lazy\" decoding=\"async\" width=\"275\" height=\"394\" src=\"http:\/\/lubrexcel.ro\/lubrifianti\/wp-content\/uploads\/2019\/07\/Tabel-informational-Hightec-transmission-and-ATF-ROWE.png\" alt=\"Tabel informational pentru Hightec transmisie automata (ATF), ulei transmisie manuala si servo \" class=\"wp-image-390\" srcset=\"https:\/\/lubrexcel.ro\/lubrifianti\/wp-content\/uploads\/2019\/07\/Tabel-informational-Hightec-transmission-and-ATF-ROWE.png 275w, https:\/\/lubrexcel.ro\/lubrifianti\/wp-content\/uploads\/2019\/07\/Tabel-informational-Hightec-transmission-and-ATF-ROWE-209x300.png 209w\" sizes=\"auto, (max-width: 275px) 100vw, 275px\" \/><\/a><figcaption><strong> Tabel informational pentru Hightec transmisie automata (ATF), ulei transmisie manuala si servo<\/strong> <\/figcaption><\/figure><\/div>\n","protected":false},"excerpt":{"rendered":"","protected":false},"author":1,"featured_media":0,"parent":0,"menu_order":4,"comment_status":"closed","ping_status":"closed","template":"","meta":{"_mi_skip_tracking":false,"footnotes":""},"class_list":["post-17","page","type-page","status-publish","hentry"],"yoast_head":"<!-- This site is optimized with the Yoast SEO plugin v20.0 - https:\/\/yoast.com\/wordpress\/plugins\/seo\/ -->\n<title>Cataloage\/brosuri - Lubrexcel<\/title>\n<meta name=\"robots\" content=\"index, follow, max-snippet:-1, max-image-preview:large, max-video-preview:-1\" \/>\n<link rel=\"canonical\" href=\"https:\/\/lubrexcel.ro\/lubrifianti\/cataloagebrosuri\" \/>\n<meta property=\"og:locale\" content=\"ro_RO\" \/>\n<meta property=\"og:type\" content=\"article\" \/>\n<meta property=\"og:title\" content=\"Cataloage\/brosuri - Lubrexcel\" \/>\n<meta property=\"og:url\" content=\"https:\/\/lubrexcel.ro\/lubrifianti\/cataloagebrosuri\" \/>\n<meta property=\"og:site_name\" content=\"Lubrexcel\" \/>\n<meta property=\"article:publisher\" content=\"https:\/\/www.facebook.com\/Lubrexcel\" \/>\n<meta property=\"article:modified_time\" content=\"2019-07-25T13:09:36+00:00\" \/>\n<meta property=\"og:image\" content=\"http:\/\/lubrexcel.ro\/lubrifianti\/wp-content\/uploads\/2019\/07\/URS033-URSA-OEM-sheet-DAF-UK-1.en-gb-2.jpg\" \/>\n<meta name=\"twitter:card\" content=\"summary_large_image\" \/>\n<meta name=\"twitter:label1\" content=\"Timp estimat pentru citire\" \/>\n\t<meta name=\"twitter:data1\" content=\"1 minut\" \/>\n<script type=\"application\/ld+json\" class=\"yoast-schema-graph\">{\"@context\":\"https:\/\/schema.org\",\"@graph\":[{\"@type\":\"WebPage\",\"@id\":\"https:\/\/lubrexcel.ro\/lubrifianti\/cataloagebrosuri\",\"url\":\"https:\/\/lubrexcel.ro\/lubrifianti\/cataloagebrosuri\",\"name\":\"Cataloage\/brosuri - Lubrexcel\",\"isPartOf\":{\"@id\":\"https:\/\/lubrexcel.ro\/lubrifianti\/#website\"},\"datePublished\":\"2017-02-15T12:26:51+00:00\",\"dateModified\":\"2019-07-25T13:09:36+00:00\",\"breadcrumb\":{\"@id\":\"https:\/\/lubrexcel.ro\/lubrifianti\/cataloagebrosuri#breadcrumb\"},\"inLanguage\":\"ro-RO\",\"potentialAction\":[{\"@type\":\"ReadAction\",\"target\":[\"https:\/\/lubrexcel.ro\/lubrifianti\/cataloagebrosuri\"]}]},{\"@type\":\"BreadcrumbList\",\"@id\":\"https:\/\/lubrexcel.ro\/lubrifianti\/cataloagebrosuri#breadcrumb\",\"itemListElement\":[{\"@type\":\"ListItem\",\"position\":1,\"name\":\"Prima pagin\u0103\",\"item\":\"https:\/\/lubrexcel.ro\/lubrifianti\/\"},{\"@type\":\"ListItem\",\"position\":2,\"name\":\"Cataloage\/brosuri\"}]},{\"@type\":\"WebSite\",\"@id\":\"https:\/\/lubrexcel.ro\/lubrifianti\/#website\",\"url\":\"https:\/\/lubrexcel.ro\/lubrifianti\/\",\"name\":\"Lubrexcel\",\"description\":\"Distribuitor multi-brand de uleiuri auto si industriale\",\"publisher\":{\"@id\":\"https:\/\/lubrexcel.ro\/lubrifianti\/#organization\"},\"potentialAction\":[{\"@type\":\"SearchAction\",\"target\":{\"@type\":\"EntryPoint\",\"urlTemplate\":\"https:\/\/lubrexcel.ro\/lubrifianti\/?s={search_term_string}\"},\"query-input\":\"required name=search_term_string\"}],\"inLanguage\":\"ro-RO\"},{\"@type\":\"Organization\",\"@id\":\"https:\/\/lubrexcel.ro\/lubrifianti\/#organization\",\"name\":\"LUBREXCEL SRL\",\"url\":\"https:\/\/lubrexcel.ro\/lubrifianti\/\",\"logo\":{\"@type\":\"ImageObject\",\"inLanguage\":\"ro-RO\",\"@id\":\"https:\/\/lubrexcel.ro\/lubrifianti\/#\/schema\/logo\/image\/\",\"url\":\"https:\/\/lubrexcel.ro\/lubrifianti\/wp-content\/uploads\/2017\/08\/logo1.jpg\",\"contentUrl\":\"https:\/\/lubrexcel.ro\/lubrifianti\/wp-content\/uploads\/2017\/08\/logo1.jpg\",\"width\":448,\"height\":136,\"caption\":\"LUBREXCEL SRL\"},\"image\":{\"@id\":\"https:\/\/lubrexcel.ro\/lubrifianti\/#\/schema\/logo\/image\/\"},\"sameAs\":[\"https:\/\/www.facebook.com\/Lubrexcel\"]}]}<\/script>\n<!-- \/ Yoast SEO plugin. -->","yoast_head_json":{"title":"Cataloage\/brosuri - Lubrexcel","robots":{"index":"index","follow":"follow","max-snippet":"max-snippet:-1","max-image-preview":"max-image-preview:large","max-video-preview":"max-video-preview:-1"},"canonical":"https:\/\/lubrexcel.ro\/lubrifianti\/cataloagebrosuri","og_locale":"ro_RO","og_type":"article","og_title":"Cataloage\/brosuri - Lubrexcel","og_url":"https:\/\/lubrexcel.ro\/lubrifianti\/cataloagebrosuri","og_site_name":"Lubrexcel","article_publisher":"https:\/\/www.facebook.com\/Lubrexcel","article_modified_time":"2019-07-25T13:09:36+00:00","og_image":[{"url":"http:\/\/lubrexcel.ro\/lubrifianti\/wp-content\/uploads\/2019\/07\/URS033-URSA-OEM-sheet-DAF-UK-1.en-gb-2.jpg"}],"twitter_card":"summary_large_image","twitter_misc":{"Timp estimat pentru citire":"1 minut"},"schema":{"@context":"https:\/\/schema.org","@graph":[{"@type":"WebPage","@id":"https:\/\/lubrexcel.ro\/lubrifianti\/cataloagebrosuri","url":"https:\/\/lubrexcel.ro\/lubrifianti\/cataloagebrosuri","name":"Cataloage\/brosuri - Lubrexcel","isPartOf":{"@id":"https:\/\/lubrexcel.ro\/lubrifianti\/#website"},"datePublished":"2017-02-15T12:26:51+00:00","dateModified":"2019-07-25T13:09:36+00:00","breadcrumb":{"@id":"https:\/\/lubrexcel.ro\/lubrifianti\/cataloagebrosuri#breadcrumb"},"inLanguage":"ro-RO","potentialAction":[{"@type":"ReadAction","target":["https:\/\/lubrexcel.ro\/lubrifianti\/cataloagebrosuri"]}]},{"@type":"BreadcrumbList","@id":"https:\/\/lubrexcel.ro\/lubrifianti\/cataloagebrosuri#breadcrumb","itemListElement":[{"@type":"ListItem","position":1,"name":"Prima pagin\u0103","item":"https:\/\/lubrexcel.ro\/lubrifianti\/"},{"@type":"ListItem","position":2,"name":"Cataloage\/brosuri"}]},{"@type":"WebSite","@id":"https:\/\/lubrexcel.ro\/lubrifianti\/#website","url":"https:\/\/lubrexcel.ro\/lubrifianti\/","name":"Lubrexcel","description":"Distribuitor multi-brand de uleiuri auto si industriale","publisher":{"@id":"https:\/\/lubrexcel.ro\/lubrifianti\/#organization"},"potentialAction":[{"@type":"SearchAction","target":{"@type":"EntryPoint","urlTemplate":"https:\/\/lubrexcel.ro\/lubrifianti\/?s={search_term_string}"},"query-input":"required name=search_term_string"}],"inLanguage":"ro-RO"},{"@type":"Organization","@id":"https:\/\/lubrexcel.ro\/lubrifianti\/#organization","name":"LUBREXCEL SRL","url":"https:\/\/lubrexcel.ro\/lubrifianti\/","logo":{"@type":"ImageObject","inLanguage":"ro-RO","@id":"https:\/\/lubrexcel.ro\/lubrifianti\/#\/schema\/logo\/image\/","url":"https:\/\/lubrexcel.ro\/lubrifianti\/wp-content\/uploads\/2017\/08\/logo1.jpg","contentUrl":"https:\/\/lubrexcel.ro\/lubrifianti\/wp-content\/uploads\/2017\/08\/logo1.jpg","width":448,"height":136,"caption":"LUBREXCEL SRL"},"image":{"@id":"https:\/\/lubrexcel.ro\/lubrifianti\/#\/schema\/logo\/image\/"},"sameAs":["https:\/\/www.facebook.com\/Lubrexcel"]}]}},"_links":{"self":[{"href":"https:\/\/lubrexcel.ro\/lubrifianti\/wp-json\/wp\/v2\/pages\/17","targetHints":{"allow":["GET"]}}],"collection":[{"href":"https:\/\/lubrexcel.ro\/lubrifianti\/wp-json\/wp\/v2\/pages"}],"about":[{"href":"https:\/\/lubrexcel.ro\/lubrifianti\/wp-json\/wp\/v2\/types\/page"}],"author":[{"embeddable":true,"href":"https:\/\/lubrexcel.ro\/lubrifianti\/wp-json\/wp\/v2\/users\/1"}],"replies":[{"embeddable":true,"href":"https:\/\/lubrexcel.ro\/lubrifianti\/wp-json\/wp\/v2\/comments?post=17"}],"version-history":[{"count":58,"href":"https:\/\/lubrexcel.ro\/lubrifianti\/wp-json\/wp\/v2\/pages\/17\/revisions"}],"predecessor-version":[{"id":393,"href":"https:\/\/lubrexcel.ro\/lubrifianti\/wp-json\/wp\/v2\/pages\/17\/revisions\/393"}],"wp:attachment":[{"href":"https:\/\/lubrexcel.ro\/lubrifianti\/wp-json\/wp\/v2\/media?parent=17"}],"curies":[{"name":"wp","href":"https:\/\/api.w.org\/{rel}","templated":true}]}}